{"id":358,"date":"2020-02-28T15:46:01","date_gmt":"2020-02-28T15:46:01","guid":{"rendered":"https:\/\/fewo-privlaka.de\/wp\/?page_id=358"},"modified":"2020-02-28T15:52:08","modified_gmt":"2020-02-28T15:52:08","slug":"mietbedingungen","status":"publish","type":"page","link":"https:\/\/malo-apartments.com\/en\/mietbedingungen\/","title":{"rendered":"Terms of rental"},"content":{"rendered":"<h1 id=\"cc-m-header-8689546486\">Unsere Mietbedingungen<\/h1>\n<p><strong>1. Vertragsschluss<\/strong><\/p>\n<p>Die Ferienwohnung\/das Ferienhaus wird dem Mieter f\u00fcr die angegebene Vertragsdauer ausschlie\u00dflich zur Nutzung f\u00fcr Urlaubszwecke oder Gesch\u00e4ftstreffen vermietet und darf nur mit der in der Buchung angegebenen maximalen Personenzahl belegt werden. Der Mietvertrag f\u00fcr die Ferienwohnung\/das Ferienhaus kommt auf Basis des Angebotes des Vermieters zustande, wenn innerhalb der vorgesehenen Frist die Anzahlung get\u00e4tigt wird. Bei kurzfristigen Buchungen (weniger als 4 Wochen bis zum Mietbeginn) kommt der Mietvertrag bereits mit schriftlicher oder m\u00fcndlicher Annahme des Angebotes zustande.<\/p>\n<p>Gem\u00e4\u00df der Datenschutz-Grundverordnung (DSGVO) die am 25. Mai 2015 in Kraft getreten ist, sind wir verpflichtet Sie zu informieren, dass bei der Eintragung in \u201eeVisitor\u201c Daten Ihres Identifikationsausweises ben\u00f6tigt werden. Zu den personenbezogenen Daten der G\u00e4ste geh\u00f6ren: Vor- und Nachname, Art und Nummer des Ausweises, Geschlecht, Geburtsland, Adresse, Staatsangeh\u00f6rigkeit und Geburtsdatum. Ihre personenbezogenen Daten werden in das Informationssystem der Touristischen Gemeinschaften \u201eeVisitor\u201c der Republik Kroatien eingetragen und dienen zur An- und Abmeldung der G\u00e4ste (Gesetz \u00fcber die Aufenthaltsgeb\u00fchr, Amtsblatt NN 152\/08).<\/p>\n<p>Ihre personenbezogenen Daten dienen ausschlie\u00dflich zur statistischen Bearbeitung und werden von Touristischen Gemeinschaften, \u00f6ffentlichen Einrichtungen und Staatsministerien benutzt.\u00a0<\/p>\n<p>\u00a0<\/p>\n<p>Verzeichnis der Einrichtungen, die gesetzlich verpflichtet sind, Ihre personenbezogenen Daten zu verlangen: Ministerium f\u00fcr Tourismus \u2013 Touristische Inspektion, Innenministerium, Ministerium f\u00fcr Finanzen \u2013 Zollverwaltung. Jede unbefugte Verwendung, Ver\u00f6ffentlichung, Be- und Verarbeitung, \u00f6ffentliche Vorf\u00fchrung, \u00dcbertragung, Verteilen, Aufnahme oder andere unberechtigte Verwendung Ihrer pers\u00f6nlichen Daten ist streng verboten.\u00a0<\/p>\n<p>\u00a0<\/p>\n<p>Sollten Sie aus irgendwelchem Grund keine Einwilligung f\u00fcr die Abgabe Ihrer pers\u00f6nlichen Daten geben, sind wir berechtigt,\u00a0den Mietvertrag gem\u00e4\u00df den unter 4.) aufgef\u00fchrten Bedingungen aufzul\u00f6sen.\u00a0<\/p>\n<p>\u00a0<\/p>\n<p><strong>2. Mietpreis und Nebenkosten<\/strong><\/p>\n<p>In dem vereinbarten Mietpreis sind alle pauschal berechneten Nebenkosten (z.B. f\u00fcr Strom, Heizung, Wasser, Klimaanlage, Endreinigung) enthalten. Nicht enthalten ist Strom f\u00fcr das Laden und Betreiben eines Elektroautos. Strom f\u00fcr das Aufladen eines Elektroautos wird gesondert in Rechnung gestellt.\u00a0<\/p>\n<p>Es wird eine Anzahlung von 50% des Gesamtpreises vereinbart, dieser ist bei Vertragsschluss f\u00e4llig. Die Restzahlung ist mit Erhalt bis sp\u00e4testens 14 Tage vor Mietbeginn zu leisten.<\/p>\n<p>\u00a0<\/p>\n<p><strong>3. Mietdauer<\/strong><\/p>\n<p>Am Anreisetag stellt der Vermieter das Mietobjekt dem Mieter ab 15:00 Uhr in vertragsgem\u00e4\u00dfem Zustand zur Verf\u00fcgung. Am Abreisetag wird der Mieter das Mietobjekt dem Vermieter bis sp\u00e4testens 11:00 Uhr in ger\u00e4umtem und besenreinen Zustand \u00fcbergeben.<\/p>\n<p>\u00a0<\/p>\n<p><strong>4. R\u00fccktritt durch den Mieter<\/strong><\/p>\n<p>Der Mieter kann vor Beginn der Mietzeit durch schriftliche Erkl\u00e4rung gegen\u00fcber dem Vermieter vom Mietvertrag zur\u00fccktreten. Ma\u00dfgeblich ist der Zeitpunkt des Zugangs der R\u00fccktrittserkl\u00e4rung beim Vermieter.<\/p>\n<p>Tritt der Mieter vom Mietvertrag zur\u00fcck, so hat er pauschalen Ersatz f\u00fcr die beim Vermieter bereits entstandenen Aufwendungen und den entgangenen Gewinn in der nachfolgenden H\u00f6he zu leisten:<\/p>\n<p>R\u00fccktritt bis zum 14. Tag vor Beginn der Mietzeit: 50%<\/p>\n<p>R\u00fccktritt bis zum 60. Tag vor Beginn der Mietzeit: 0%<\/p>\n<p>ab 14 Tage bis 1 Tag vorher: 100%<\/p>\n<p>Dem Mieter bleibt der Nachweis vorbehalten, dass bei dem Vermieter kein oder ein wesentlich geringerer Schaden entstanden ist.\u00a0 Der Abschluss einer Reiser\u00fccktrittsversicherung wird dem Mieter empfohlen.<\/p>\n<p>\u00a0<\/p>\n<p><strong>5. K\u00fcndigung durch den Vermieter<\/strong><\/p>\n<p>Der Vermieter kann das Vertragsverh\u00e4ltnis vor Beginn der Mietzeit ohne Einhaltung einer Frist k\u00fcndigen, wenn der Mieter trotz vorheriger Mahnung die vereinbarten Zahlungen (Anzahlung) nicht fristgem\u00e4\u00df leistet oder sich ansonsten in einem solchen Ma\u00dfe vertragswidrig verh\u00e4lt, dass dem Vermieter eine Fortsetzung des Vertragsverh\u00e4ltnisses nicht zuzumuten ist. In diesem Falle kann der Vermieter von dem Mieter Ersatz der bis zur K\u00fcndigung entstandenen Aufwendungen und des entgangenen Gewinns verlangen.<\/p>\n<p>\u00a0<\/p>\n<p><strong>6. Aufhebung des Vertrags wegen au\u00dfergew\u00f6hnlicher Umst\u00e4nde<\/strong><\/p>\n<p>Der Mietvertrag kann von beiden Seiten gek\u00fcndigt werden, wenn die Erf\u00fcllung des Vertrages infolge bei Vertragsabschluss nicht vorhersehbarer h\u00f6herer Gewalt erheblich erschwert, gef\u00e4hrdet oder beeintr\u00e4chtigt wird. Beide Vertragsparteien werden von ihren vertraglichen Verpflichtungen frei. Sie m\u00fcssen jedoch der jeweils anderen Vertragspartei bereits erbrachte Leistungen erstatten.<\/p>\n<p>\u00a0<\/p>\n<p><strong>7. Pflichten des Mieters<\/strong><\/p>\n<p>Der Mieter verpflichtet sich, das Mietobjekt mitsamt Inventar mit aller Sorgfalt zu behandeln. F\u00fcr die schuldhafte Besch\u00e4digung von Einrichtungsgegenst\u00e4nden, Mietr\u00e4umen oder des Geb\u00e4udes sowie der zu den Mietr\u00e4umen oder dem Geb\u00e4ude geh\u00f6renden Anlagen ist der Mieter ersatzpflichtig, wenn und insoweit sie von ihm oder seinen Begleitpersonen oder Besuchern schuldhaft verursacht worden ist.<\/p>\n<p>In den Mietr\u00e4umen entstehende Sch\u00e4den hat der Mieter soweit er nicht selbst zur Beseitigung verpflichtet ist, unverz\u00fcglich dem Vermieter oder der von diesem benannten Kontaktstelle anzuzeigen. F\u00fcr die durch nicht rechtzeitige Anzeige verursachten Folgesch\u00e4den ist der Mieter ersatzpflichtig. In Sp\u00fclsteine, Ausgussbecken und Toilette d\u00fcrfen Abf\u00e4lle, Asche, sch\u00e4dliche Fl\u00fcssigkeiten und \u00e4hnliches nicht hineingeworfen oder -gegossen werden. Treten wegen Nichtbeachtung dieser Bestimmungen Verstopfungen in den Abwasserrohren auf, so tr\u00e4gt der Verursacher die Kosten der Instandsetzung.<\/p>\n<p>Bei eventuell auftretenden St\u00f6rungen an Anlagen und Einrichtungen des Mietobjektes ist der Mieter verpflichtet, selbst alles Zumutbare zu tun, um zu einer Behebung der St\u00f6rung beizutragen oder evtl. entstehenden Schaden gering zu halten.<\/p>\n<p>Der Mieter ist verpflichtet, den Vermieter oder ggf. die Hausverwaltung \u00fcber M\u00e4ngel der Mietsache unverz\u00fcglich zu unterrichten. Unterl\u00e4sst der Mieter diese Meldung, so stehen ihm keine Anspr\u00fcche wegen Nichterf\u00fcllung der vertragsm\u00e4\u00dfigen Leistungen (insbesondere keine Anspr\u00fcche auf Mietminderung) zu.<\/p>\n<p>\u00a0<\/p>\n<p><strong>8. Haftung des Vermieters<\/strong><\/p>\n<p>Der Vermieter haftet nur f\u00fcr die rechtzeitige \u00dcberlassung des Mietobjektes, nicht hingegen f\u00fcr Ausstattungs- und andere Beschreibungsmerkmale der Ferienwohnung, die sich \u00e4ndern k\u00f6nnen. Die Haftung des Vermieters f\u00fcr Sachsch\u00e4den aus unerlaubter Handlung ist ausgeschlossen, soweit sie nicht auf einer vors\u00e4tzlichen oder grob fahrl\u00e4ssigen Pflichtverletzung des Vermieters oder seines Erf\u00fcllungsgehilfen beruhen. Der Vermieter haftet auch nicht in F\u00e4llen h\u00f6herer Gewalt (z.B. Brand, \u00dcberschwemmung etc.).<\/p>\n<p>\u00a0<\/p>\n<p><strong>9. Tierhaltung<\/strong><\/p>\n<p>Tiere, insbesondere Hunde, Katzen und dergleichen sind nur nach R\u00fccksprache gestattet.<\/p>\n<p>\u00a0<\/p>\n<p><strong>10. \u00c4nderungen des Vertrages<\/strong><\/p>\n<p>Nebenabreden, \u00c4nderungen und Erg\u00e4nzungen des Vertrages sowie allen rechtserheblichen Erkl\u00e4rungen bed\u00fcrfen der Schriftform.<\/p>\n<p>\u00a0<\/p>\n<p><strong>11. Hausordnung<\/strong><\/p>\n<p>Die Mieter sind zu gegenseitiger R\u00fccksichtnahme aufgefordert.<\/p>\n<p>Insbesondere sind st\u00f6rende Ger\u00e4usche, namentlich lautes T\u00fcrwerfen und solche T\u00e4tigkeiten, die die Mitbewohner durch den entstehenden L\u00e4rm bel\u00e4stigen und die h\u00e4usliche Ruhe beeintr\u00e4chtigen, zu vermeiden.<\/p>\n<p>Musizieren ist in der Zeit von 22.00 Uhr bis 8.00 Uhr und von 13.00 Uhr bis 15.00 Uhr zu unterlassen. Rundfunk-, Fernseh- und Hifi-Ger\u00e4te sind nur auf Zimmerlautst\u00e4rke einzustellen.<\/p>\n<p>Das Rauchen ist nur im Au\u00dfenbereich gestattet. Die Nutzung von Aschenbechern ist verpflichtend. Es gelten weitere Regelungen der Hausordnung, die wir Ihnen\u00a0nach Vertragsschluss zur Verf\u00fcgung stellen werden.\u00a0<\/p>\n<p>\u00a0<\/p>\n<p><strong>12. Internet<\/strong><\/p>\n<p>Der Mieter akzeptiert mit Entgegennahme der Zugangscodes f\u00fcr kabelloses Internet (W-Lan) folgende Bedingungen:<\/p>\n<p>Der Vermieter hat die Ferienwohnungen mit einem Internetzugang \u00fcber WLAN ausgestattet. Er gestattet dem Mieter f\u00fcr die Dauer seines Aufenthaltes eine Mitbenutzung des WLAN-Zugangs zum Internet. Die Mitbenutzung ist eine Serviceleistung des Vermieters und ist jederzeit widerruflich. Der Mieter hat nicht das Recht, Dritten die Nutzung des WLANs zu gestatten. Der Vermieter \u00fcbernimmt keine Gew\u00e4hr f\u00fcr die tats\u00e4chliche Verf\u00fcgbarkeit, Geeignetheit oder Zuverl\u00e4ssigkeit des Internetzuganges f\u00fcr irgendeinen Zweck. Er ist jederzeit berechtigt, den Betrieb des WLANs ganz, teilweise oder zeitweise einzustellen, weitere Mitnutzer zuzulassen und den Zugang des Mieters ganz, teilweise oder zeitweise zu beschr\u00e4nken oder auszuschlie\u00dfen. Der Vermieter beh\u00e4lt sich insbesondere vor, nach eigenem Ermessen und jederzeit den Zugang auf bestimmte Seiten oder Dienste \u00fcber das WLAN zu sperren (z.B. gewaltverherrlichende, pornographische oder kostenpflichtige Seiten).<\/p>\n<p>\u00a0<\/p>\n<p>Die Nutzung erfolgt durch Eingabe eines W-Lan Schl\u00fcssels. Dieser Schl\u00fcssel\u00a0ist nur zum pers\u00f6nlichen Gebrauch des Mieters bestimmt und d\u00fcrfen in keinem Fall an Dritte weitergegeben werden. Der Mieter verpflichtet sich, seine Zugangsdaten geheim zu halten. Der Vermieter hat jederzeit das Recht, Zugangscodes zu \u00e4ndern.<\/p>\n<p>\u00a0<\/p>\n<p>Der Mieter wird darauf hingewiesen, dass das WLAN nur den Zugang zum Internet erm\u00f6glicht, Virenschutz und Firewall stehen nicht zur Verf\u00fcgung. Der unter Nutzung des WLANs hergestellte Datenverkehr erfolgt unverschl\u00fcsselt. Die Daten k\u00f6nnen daher m\u00f6glicherweise von Dritten eingesehen werden. Der Vermieter weist ausdr\u00fccklich darauf hin, dass die Gefahr besteht, dass Schadsoftware (z.B. Viren, Trojaner, W\u00fcrmer, etc.) bei der Nutzung des WLANs auf das Endger\u00e4t gelangen kann. Die Nutzung des WLANs erfolgt auf eigene Gefahr und auf eigenes Risiko des Mieters. F\u00fcr Sch\u00e4den am Endger\u00e4t des Mieters, die durch die Nutzung des Internetzuganges entstehen, \u00fcbernimmt der Vermieter keine Haftung, es sei denn die Sch\u00e4den wurden vom Vermieter vors\u00e4tzlich oder grob fahrl\u00e4ssig verursacht.<\/p>\n<p>\u00a0<\/p>\n<p>F\u00fcr die \u00fcber das WLAN \u00fcbermittelten Daten, die dar\u00fcber in Anspruch genommenen kostenpflichtigen Dienstleistungen und get\u00e4tigten Rechtsgesch\u00e4fte ist der Mieter selbst verantwortlich. Besucht der Mieter kostenpflichtige Internetseiten oder geht er Verbindlichkeiten ein, sind die daraus resultierenden Kosten von ihm zu tragen. Er ist verpflichtet, bei Nutzung des WLANs das geltende Recht einzuhalten. Er wird insbesondere: das WLAN weder zum Abruf noch zur Verbreitung von sitten- oder rechtswidrigen Inhalten nutzen; keine urheberrechtlich gesch\u00fctzten G\u00fcter widerrechtlich vervielf\u00e4ltigen, verbreiten oder zug\u00e4nglich machen; die geltenden Jugendschutzvorschriften beachten; keine bel\u00e4stigenden, verleumderischen oder bedrohenden Inhalte versenden oder verbreiten; das WLAN nicht zur Versendung von Massen-Nachrichten (Spam) und \/ oder anderen Formen unzul\u00e4ssiger Werbung nutzen. Der Mieter stellt den Vermieter von s\u00e4mtlichen Sch\u00e4den und Anspr\u00fcchen Dritter frei, die auf einer rechtswidrigen Verwendung des WLANs durch den Mieter und \/ oder auf einem Versto\u00df gegen vorliegenden Vereinbarung beruhen, dies erstreckt sich auch auf f\u00fcr mit der Inanspruchnahme bzw. deren Abwehr zusammenh\u00e4ngende Kosten und Aufwendungen. Erkennt der Mieter oder muss er erkennen, dass eine solche Rechtsverletzung und \/ oder ein solcher Versto\u00df vorliegt oder droht, weist er den Vermieter auf diesen Umstand hin.<\/p>\n<p>\u00a0<\/p>\n<p><strong>13. Rechtswahl und Gerichtsstand<\/strong><\/p>\n<p>Es findet deutsches Recht Anwendung.<\/p>\n<p>F\u00fcr alle Streitigkeiten aus diesem Vertragsverh\u00e4ltnis ist das Amtsgericht\u00a0Landsberg am Lech zust\u00e4ndig.<\/p>\n<p>F\u00fcr Klagen des Vermieters gegen Kaufleute, juristische Personen des \u00f6ffentlichen oder privaten Rechts oder Personen, die keinen allgemeinen Gerichtsstand in Deutschland haben oder die nach Abschluss des Vertrages ihren Wohnsitz oder gew\u00f6hnlichen Aufenthaltsort ins Ausland verlegt haben oder deren Wohnsitz oder gew\u00f6hnlicher Aufenthaltsort zum Zeitpunkt der Klageerhebung nicht bekannt ist, wird der Wohnsitz des Vermieters als ausschlie\u00dflicher Gerichtsstand vereinbart.<\/p>\n","protected":false},"excerpt":{"rendered":"<p>Unsere Mietbedingungen 1. Vertragsschluss Die Ferienwohnung\/das Ferienhaus wird dem Mieter f\u00fcr die angegebene Vertragsdauer ausschlie\u00dflich zur Nutzung f\u00fcr Urlaubszwecke oder Gesch\u00e4ftstreffen vermietet und darf nur mit der in der Buchung angegebenen maximalen Personenzahl belegt werden. Der Mietvertrag f\u00fcr die Ferienwohnung\/das Ferienhaus kommt auf Basis des Angebotes des Vermieters zustande, wenn innerhalb der vorgesehenen Frist die [&hellip;]<\/p>\n","protected":false},"author":1,"featured_media":0,"parent":0,"menu_order":0,"comment_status":"closed","ping_status":"closed","template":"","meta":{"_monsterinsights_skip_tracking":false,"_monsterinsights_sitenote_active":false,"_monsterinsights_sitenote_note":"","_monsterinsights_sitenote_category":0,"ocean_post_layout":"full-width","ocean_both_sidebars_style":"","ocean_both_sidebars_content_width":0,"ocean_both_sidebars_sidebars_width":0,"ocean_sidebar":"0","ocean_second_sidebar":"0","ocean_disable_margins":"enable","ocean_add_body_class":"","ocean_shortcode_before_top_bar":"","ocean_shortcode_after_top_bar":"","ocean_shortcode_before_header":"","ocean_shortcode_after_header":"","ocean_has_shortcode":"","ocean_shortcode_after_title":"","ocean_shortcode_before_footer_widgets":"","ocean_shortcode_after_footer_widgets":"","ocean_shortcode_before_footer_bottom":"","ocean_shortcode_after_footer_bottom":"","ocean_display_top_bar":"default","ocean_display_header":"default","ocean_header_style":"","ocean_center_header_left_menu":"0","ocean_custom_header_template":"0","ocean_custom_logo":0,"ocean_custom_retina_logo":0,"ocean_custom_logo_max_width":0,"ocean_custom_logo_tablet_max_width":0,"ocean_custom_logo_mobile_max_width":0,"ocean_custom_logo_max_height":0,"ocean_custom_logo_tablet_max_height":0,"ocean_custom_logo_mobile_max_height":0,"ocean_header_custom_menu":"0","ocean_menu_typo_font_family":"0","ocean_menu_typo_font_subset":"","ocean_menu_typo_font_size":0,"ocean_menu_typo_font_size_tablet":0,"ocean_menu_typo_font_size_mobile":0,"ocean_menu_typo_font_size_unit":"px","ocean_menu_typo_font_weight":"","ocean_menu_typo_font_weight_tablet":"","ocean_menu_typo_font_weight_mobile":"","ocean_menu_typo_transform":"","ocean_menu_typo_transform_tablet":"","ocean_menu_typo_transform_mobile":"","ocean_menu_typo_line_height":0,"ocean_menu_typo_line_height_tablet":0,"ocean_menu_typo_line_height_mobile":0,"ocean_menu_typo_line_height_unit":"","ocean_menu_typo_spacing":0,"ocean_menu_typo_spacing_tablet":0,"ocean_menu_typo_spacing_mobile":0,"ocean_menu_typo_spacing_unit":"","ocean_menu_link_color":"","ocean_menu_link_color_hover":"","ocean_menu_link_color_active":"","ocean_menu_link_background":"","ocean_menu_link_hover_background":"","ocean_menu_link_active_background":"","ocean_menu_social_links_bg":"","ocean_menu_social_hover_links_bg":"","ocean_menu_social_links_color":"","ocean_menu_social_hover_links_color":"","ocean_disable_title":"default","ocean_disable_heading":"default","ocean_post_title":"","ocean_post_subheading":"","ocean_post_title_style":"","ocean_post_title_background_color":"","ocean_post_title_background":0,"ocean_post_title_bg_image_position":"","ocean_post_title_bg_image_attachment":"","ocean_post_title_bg_image_repeat":"","ocean_post_title_bg_image_size":"","ocean_post_title_height":0,"ocean_post_title_bg_overlay":0.5,"ocean_post_title_bg_overlay_color":"","ocean_disable_breadcrumbs":"default","ocean_breadcrumbs_color":"","ocean_breadcrumbs_separator_color":"","ocean_breadcrumbs_links_color":"","ocean_breadcrumbs_links_hover_color":"","ocean_display_footer_widgets":"default","ocean_display_footer_bottom":"default","ocean_custom_footer_template":"0","footnotes":""},"class_list":["post-358","page","type-page","status-publish","hentry","entry"],"translation":{"provider":"WPGlobus","version":"3.0.2","language":"en","enabled_languages":["de","en"],"languages":{"de":{"title":true,"content":true,"excerpt":false},"en":{"title":true,"content":false,"excerpt":false}}},"yoast_head":"<!-- This site is optimized with the Yoast SEO plugin v27.3 - https:\/\/yoast.com\/product\/yoast-seo-wordpress\/ -->\n<title>Terms of rental - MALO Apartments<\/title>\n<meta name=\"robots\" content=\"index, follow, max-snippet:-1, max-image-preview:large, max-video-preview:-1\" \/>\n<link rel=\"canonical\" href=\"https:\/\/malo-apartments.com\/mietbedingungen\/\" \/>\n<meta property=\"og:locale\" content=\"en_US\" \/>\n<meta property=\"og:type\" content=\"article\" \/>\n<meta property=\"og:title\" content=\"Terms of rental - MALO Apartments\" \/>\n<meta property=\"og:url\" content=\"https:\/\/malo-apartments.com\/mietbedingungen\/\" \/>\n<meta property=\"og:site_name\" content=\"MALO Apartments\" \/>\n<meta property=\"article:publisher\" content=\"https:\/\/www.facebook.com\/MALOAPARTMENTS\" \/>\n<meta property=\"article:modified_time\" content=\"2020-02-28T15:52:08+00:00\" \/>\n<meta name=\"twitter:card\" content=\"summary_large_image\" \/>\n<meta name=\"twitter:label1\" content=\"Est. reading time\" \/>\n\t<meta name=\"twitter:data1\" content=\"8 minutes\" \/>\n<script type=\"application\/ld+json\" class=\"yoast-schema-graph\">{\"@context\":\"https:\\\/\\\/schema.org\",\"@graph\":[{\"@type\":\"WebPage\",\"@id\":\"https:\\\/\\\/malo-apartments.com\\\/mietbedingungen\\\/\",\"url\":\"https:\\\/\\\/malo-apartments.com\\\/mietbedingungen\\\/\",\"name\":\"Terms of rental - MALO Apartments\",\"isPartOf\":{\"@id\":\"https:\\\/\\\/malo-apartments.com\\\/#website\"},\"datePublished\":\"2020-02-28T15:46:01+00:00\",\"dateModified\":\"2020-02-28T15:52:08+00:00\",\"breadcrumb\":{\"@id\":\"https:\\\/\\\/malo-apartments.com\\\/mietbedingungen\\\/#breadcrumb\"},\"inLanguage\":\"en-US\",\"potentialAction\":[{\"@type\":\"ReadAction\",\"target\":[\"https:\\\/\\\/malo-apartments.com\\\/mietbedingungen\\\/\"]}]},{\"@type\":\"BreadcrumbList\",\"@id\":\"https:\\\/\\\/malo-apartments.com\\\/mietbedingungen\\\/#breadcrumb\",\"itemListElement\":[{\"@type\":\"ListItem\",\"position\":1,\"name\":\"Startseite\",\"item\":\"https:\\\/\\\/malo-apartments.com\\\/\"},{\"@type\":\"ListItem\",\"position\":2,\"name\":\"Mietbedingungen\"}]},{\"@type\":\"WebSite\",\"@id\":\"https:\\\/\\\/malo-apartments.com\\\/#website\",\"url\":\"https:\\\/\\\/malo-apartments.com\\\/\",\"name\":\"MALO Apartments\",\"description\":\"Exceptional domiciles in Privlaka and Zadar in the middle of Dalmatia\",\"publisher\":{\"@id\":\"https:\\\/\\\/malo-apartments.com\\\/#organization\"},\"potentialAction\":[{\"@type\":\"SearchAction\",\"target\":{\"@type\":\"EntryPoint\",\"urlTemplate\":\"https:\\\/\\\/malo-apartments.com\\\/?s={search_term_string}\"},\"query-input\":{\"@type\":\"PropertyValueSpecification\",\"valueRequired\":true,\"valueName\":\"search_term_string\"}}],\"inLanguage\":\"en-US\"},{\"@type\":\"Organization\",\"@id\":\"https:\\\/\\\/malo-apartments.com\\\/#organization\",\"name\":\"MALO d.o.o.\",\"url\":\"https:\\\/\\\/malo-apartments.com\\\/\",\"logo\":{\"@type\":\"ImageObject\",\"inLanguage\":\"en-US\",\"@id\":\"https:\\\/\\\/malo-apartments.com\\\/#\\\/schema\\\/logo\\\/image\\\/\",\"url\":\"https:\\\/\\\/malo-apartments.com\\\/wp-content\\\/uploads\\\/2021\\\/07\\\/Malo-logo.png\",\"contentUrl\":\"https:\\\/\\\/malo-apartments.com\\\/wp-content\\\/uploads\\\/2021\\\/07\\\/Malo-logo.png\",\"width\":501,\"height\":182,\"caption\":\"MALO d.o.o.\"},\"image\":{\"@id\":\"https:\\\/\\\/malo-apartments.com\\\/#\\\/schema\\\/logo\\\/image\\\/\"},\"sameAs\":[\"https:\\\/\\\/www.facebook.com\\\/MALOAPARTMENTS\",\"https:\\\/\\\/www.instagram.com\\\/maloapartments\\\/\",\"https:\\\/\\\/www.youtube.com\\\/channel\\\/UCpVP2S_aQfyllJTbeLaoyWg\"]}]}<\/script>\n<!-- \/ Yoast SEO plugin. -->","yoast_head_json":{"title":"Terms of rental - MALO Apartments","robots":{"index":"index","follow":"follow","max-snippet":"max-snippet:-1","max-image-preview":"max-image-preview:large","max-video-preview":"max-video-preview:-1"},"canonical":"https:\/\/malo-apartments.com\/mietbedingungen\/","og_locale":"en_US","og_type":"article","og_title":"Terms of rental - MALO Apartments","og_url":"https:\/\/malo-apartments.com\/mietbedingungen\/","og_site_name":"MALO Apartments","article_publisher":"https:\/\/www.facebook.com\/MALOAPARTMENTS","article_modified_time":"2020-02-28T15:52:08+00:00","twitter_card":"summary_large_image","twitter_misc":{"Est. reading time":"8 minutes"},"schema":{"@context":"https:\/\/schema.org","@graph":[{"@type":"WebPage","@id":"https:\/\/malo-apartments.com\/mietbedingungen\/","url":"https:\/\/malo-apartments.com\/mietbedingungen\/","name":"Terms of rental - MALO Apartments","isPartOf":{"@id":"https:\/\/malo-apartments.com\/#website"},"datePublished":"2020-02-28T15:46:01+00:00","dateModified":"2020-02-28T15:52:08+00:00","breadcrumb":{"@id":"https:\/\/malo-apartments.com\/mietbedingungen\/#breadcrumb"},"inLanguage":"en-US","potentialAction":[{"@type":"ReadAction","target":["https:\/\/malo-apartments.com\/mietbedingungen\/"]}]},{"@type":"BreadcrumbList","@id":"https:\/\/malo-apartments.com\/mietbedingungen\/#breadcrumb","itemListElement":[{"@type":"ListItem","position":1,"name":"Startseite","item":"https:\/\/malo-apartments.com\/"},{"@type":"ListItem","position":2,"name":"Mietbedingungen"}]},{"@type":"WebSite","@id":"https:\/\/malo-apartments.com\/#website","url":"https:\/\/malo-apartments.com\/","name":"MALO Apartments","description":"Exceptional domiciles in Privlaka and Zadar in the middle of Dalmatia","publisher":{"@id":"https:\/\/malo-apartments.com\/#organization"},"potentialAction":[{"@type":"SearchAction","target":{"@type":"EntryPoint","urlTemplate":"https:\/\/malo-apartments.com\/?s={search_term_string}"},"query-input":{"@type":"PropertyValueSpecification","valueRequired":true,"valueName":"search_term_string"}}],"inLanguage":"en-US"},{"@type":"Organization","@id":"https:\/\/malo-apartments.com\/#organization","name":"MALO d.o.o.","url":"https:\/\/malo-apartments.com\/","logo":{"@type":"ImageObject","inLanguage":"en-US","@id":"https:\/\/malo-apartments.com\/#\/schema\/logo\/image\/","url":"https:\/\/malo-apartments.com\/wp-content\/uploads\/2021\/07\/Malo-logo.png","contentUrl":"https:\/\/malo-apartments.com\/wp-content\/uploads\/2021\/07\/Malo-logo.png","width":501,"height":182,"caption":"MALO d.o.o."},"image":{"@id":"https:\/\/malo-apartments.com\/#\/schema\/logo\/image\/"},"sameAs":["https:\/\/www.facebook.com\/MALOAPARTMENTS","https:\/\/www.instagram.com\/maloapartments\/","https:\/\/www.youtube.com\/channel\/UCpVP2S_aQfyllJTbeLaoyWg"]}]}},"_links":{"self":[{"href":"https:\/\/malo-apartments.com\/en\/wp-json\/wp\/v2\/pages\/358","targetHints":{"allow":["GET"]}}],"collection":[{"href":"https:\/\/malo-apartments.com\/en\/wp-json\/wp\/v2\/pages"}],"about":[{"href":"https:\/\/malo-apartments.com\/en\/wp-json\/wp\/v2\/types\/page"}],"author":[{"embeddable":true,"href":"https:\/\/malo-apartments.com\/en\/wp-json\/wp\/v2\/users\/1"}],"replies":[{"embeddable":true,"href":"https:\/\/malo-apartments.com\/en\/wp-json\/wp\/v2\/comments?post=358"}],"version-history":[{"count":9,"href":"https:\/\/malo-apartments.com\/en\/wp-json\/wp\/v2\/pages\/358\/revisions"}],"predecessor-version":[{"id":367,"href":"https:\/\/malo-apartments.com\/en\/wp-json\/wp\/v2\/pages\/358\/revisions\/367"}],"wp:attachment":[{"href":"https:\/\/malo-apartments.com\/en\/wp-json\/wp\/v2\/media?parent=358"}],"curies":[{"name":"wp","href":"https:\/\/api.w.org\/{rel}","templated":true}]}}