{"id":55,"date":"2020-02-11T17:31:05","date_gmt":"2020-02-11T17:31:05","guid":{"rendered":"https:\/\/aelbler.biz\/wp\/?page_id=55"},"modified":"2020-05-02T11:46:29","modified_gmt":"2020-05-02T11:46:29","slug":"blog","status":"publish","type":"page","link":"https:\/\/malo-apartments.com\/en\/blog\/","title":{"rendered":"Blog"},"content":{"rendered":"\n<p class=\"has-text-color has-vivid-red-color\">Some (older) content of Blog is only available in German language. <\/p>\n\n\n<ul class=\"wp-block-latest-posts__list has-dates wp-block-latest-posts\"><li><a class=\"wp-block-latest-posts__post-title\" href=\"https:\/\/malo-apartments.com\/en\/2025\/09\/18\/mit-dem-flugzeug-nach-kroatien\/\">Mit dem Flugzeug nach Kroatien<\/a><time datetime=\"2025-09-18T00:00:00+00:00\" class=\"wp-block-latest-posts__post-date\">September 18, 2025<\/time><div class=\"wp-block-latest-posts__post-excerpt\">6 neue Ziele 2025 von und nach Zadar Ryanair, Eurowings, Lufthansa und viele mehr haben Zadar als &#8220;Nische&#8221; l\u00e4ngst entdeckt.&nbsp;In der aktuellen Saison 2025 hat Zadar erneut 6 neue Ziele f\u00fcr sich und seine G\u00e4ste gewinnen k\u00f6nnen. Insbesondere der irische Billigflieger Ryanair hat hier gro\u00dfen Anteil. Laut unbest\u00e4tigten Aussagen existieren zwischen den Kommunen in und\u2026 <a class=\"wp-block-latest-posts__read-more\" href=\"https:\/\/malo-apartments.com\/en\/2025\/09\/18\/mit-dem-flugzeug-nach-kroatien\/\" rel=\"noopener noreferrer\">Read more<span class=\"screen-reader-text\">: Mit dem Flugzeug nach Kroatien<\/span><\/a><\/div><\/li>\n<li><a class=\"wp-block-latest-posts__post-title\" href=\"https:\/\/malo-apartments.com\/en\/2023\/08\/24\/fortuna-gutes-und-preisguenstiges-restaurant-vor-den-toren-zadars\/\">Fortuna &#8211; Gutes und preisg\u00fcnstiges Restaurant vor den Toren Zadars<\/a><time datetime=\"2023-08-24T18:57:10+00:00\" class=\"wp-block-latest-posts__post-date\">August 24, 2023<\/time><div class=\"wp-block-latest-posts__post-excerpt\">Seit einiger Zeit mal wieder eine kulinarische Empfehlung rund um unsere Feriendomiziele &#8211; aus guten Gr\u00fcnden. Aufgrund der Vielzahl von nicht unerheblichen Preissteigerungen in und um Zadar, probieren wir nun vermehrt wieder neue Restaurants aus. Hierbei geht es nicht darum, es sich nicht leisten zu k\u00f6nnen, sondern eher darum, es zu wollen. Mit &#8220;fortune&#8221; hatte\u2026 <a class=\"wp-block-latest-posts__read-more\" href=\"https:\/\/malo-apartments.com\/en\/2023\/08\/24\/fortuna-gutes-und-preisguenstiges-restaurant-vor-den-toren-zadars\/\" rel=\"noopener noreferrer\">Read more<span class=\"screen-reader-text\">: Fortuna &#8211; Gutes und preisg\u00fcnstiges Restaurant vor den Toren Zadars<\/span><\/a><\/div><\/li>\n<li><a class=\"wp-block-latest-posts__post-title\" href=\"https:\/\/malo-apartments.com\/en\/2023\/06\/04\/eur-umstellung-in-kroatien-ein-erster-eindruck\/\">EUR Umstellung in Kroatien &#8211; ein erster Eindruck<\/a><time datetime=\"2023-06-04T11:31:54+00:00\" class=\"wp-block-latest-posts__post-date\">June 4, 2023<\/time><div class=\"wp-block-latest-posts__post-excerpt\">Seit dem 01.02.2023 ist Kroatien auch in punkto W\u00e4hrung und Grenzkontrollen weiter europ\u00e4isch geworden. Mit der Umstellung des EUR ergeben sich nun aber einige wichtige Fragestellungen f\u00fcr die Urlaubsplanung. Wie haben sich die Preise entwickelt und wo sollte man aufpassen? Wir haben einige Praxisbeispiele f\u00fcr euch gesammelt. Wer einigerma\u00dfen sicher durch die Preisdynamik kommen will,\u2026 <a class=\"wp-block-latest-posts__read-more\" href=\"https:\/\/malo-apartments.com\/en\/2023\/06\/04\/eur-umstellung-in-kroatien-ein-erster-eindruck\/\" rel=\"noopener noreferrer\">Read more<span class=\"screen-reader-text\">: EUR Umstellung in Kroatien &#8211; ein erster Eindruck<\/span><\/a><\/div><\/li>\n<li><a class=\"wp-block-latest-posts__post-title\" href=\"https:\/\/malo-apartments.com\/en\/2023\/06\/04\/geld-abheben-und-bezahlen-in-kroatien\/\">Geld abheben und Bezahlen in Kroatien<\/a><time datetime=\"2023-06-04T11:11:39+00:00\" class=\"wp-block-latest-posts__post-date\">June 4, 2023<\/time><div class=\"wp-block-latest-posts__post-excerpt\">Seit der EUR Umstellung am 01.01.2023 bezahlt man in Kroatien nicht mehr mit dem &#8220;Kuna&#8221;. Dadurch fallen einige Einnahmequellen der \u00f6rtlichen Wechselstuben und Banken augenscheinlich weg. Dennoch gibt es nach wie vor viele kreative M\u00f6glichkeiten zur Erh\u00f6hung der jeweiligen Unternehmensgewinne. Meist zu Lasten der Urlauber und Kunden. In Kroatien ist die Bezahlung mittels Karten an\u2026 <a class=\"wp-block-latest-posts__read-more\" href=\"https:\/\/malo-apartments.com\/en\/2023\/06\/04\/geld-abheben-und-bezahlen-in-kroatien\/\" rel=\"noopener noreferrer\">Read more<span class=\"screen-reader-text\">: Geld abheben und Bezahlen in Kroatien<\/span><\/a><\/div><\/li>\n<li><a class=\"wp-block-latest-posts__post-title\" href=\"https:\/\/malo-apartments.com\/en\/2023\/01\/25\/booking-com-traveller-award-2023\/\">Booking.com Traveller Award 2023<\/a><time datetime=\"2023-01-25T20:43:16+00:00\" class=\"wp-block-latest-posts__post-date\">January 25, 2023<\/time><div class=\"wp-block-latest-posts__post-excerpt\">Auch in diesem Jahr erhalten unser Ferienhaus Privlaka und unser Rooftop Apartment wieder die Auszeichnung \u201eTraveller Review Award 2023\u201c. In diesem Zusammenhang m\u00f6chten wir uns bei unseren G\u00e4sten und bei unserem gesamten Team erneut ganz herzlich daf\u00fcr bedanken. Wir werden auch im kommenden Jahr alles daf\u00fcr tun, damit Sie sich bei uns wohlf\u00fchlen. Unsere Ferienvilla\u2026 <a class=\"wp-block-latest-posts__read-more\" href=\"https:\/\/malo-apartments.com\/en\/2023\/01\/25\/booking-com-traveller-award-2023\/\" rel=\"noopener noreferrer\">Read more<span class=\"screen-reader-text\">: Booking.com Traveller Award 2023<\/span><\/a><\/div><\/li>\n<\/ul>","protected":false},"excerpt":{"rendered":"<p>Some (older) content of Blog is only available in German language.<\/p>\n","protected":false},"author":1,"featured_media":0,"parent":0,"menu_order":0,"comment_status":"closed","ping_status":"closed","template":"","meta":{"_monsterinsights_skip_tracking":false,"_monsterinsights_sitenote_active":false,"_monsterinsights_sitenote_note":"","_monsterinsights_sitenote_category":0,"ocean_post_layout":"full-width","ocean_both_sidebars_style":"","ocean_both_sidebars_content_width":0,"ocean_both_sidebars_sidebars_width":0,"ocean_sidebar":"0","ocean_second_sidebar":"0","ocean_disable_margins":"enable","ocean_add_body_class":"","ocean_shortcode_before_top_bar":"","ocean_shortcode_after_top_bar":"","ocean_shortcode_before_header":"","ocean_shortcode_after_header":"","ocean_has_shortcode":"","ocean_shortcode_after_title":"","ocean_shortcode_before_footer_widgets":"","ocean_shortcode_after_footer_widgets":"","ocean_shortcode_before_footer_bottom":"","ocean_shortcode_after_footer_bottom":"","ocean_display_top_bar":"default","ocean_display_header":"default","ocean_header_style":"","ocean_center_header_left_menu":"0","ocean_custom_header_template":"0","ocean_custom_logo":0,"ocean_custom_retina_logo":0,"ocean_custom_logo_max_width":0,"ocean_custom_logo_tablet_max_width":0,"ocean_custom_logo_mobile_max_width":0,"ocean_custom_logo_max_height":0,"ocean_custom_logo_tablet_max_height":0,"ocean_custom_logo_mobile_max_height":0,"ocean_header_custom_menu":"0","ocean_menu_typo_font_family":"0","ocean_menu_typo_font_subset":"","ocean_menu_typo_font_size":0,"ocean_menu_typo_font_size_tablet":0,"ocean_menu_typo_font_size_mobile":0,"ocean_menu_typo_font_size_unit":"px","ocean_menu_typo_font_weight":"","ocean_menu_typo_font_weight_tablet":"","ocean_menu_typo_font_weight_mobile":"","ocean_menu_typo_transform":"","ocean_menu_typo_transform_tablet":"","ocean_menu_typo_transform_mobile":"","ocean_menu_typo_line_height":0,"ocean_menu_typo_line_height_tablet":0,"ocean_menu_typo_line_height_mobile":0,"ocean_menu_typo_line_height_unit":"","ocean_menu_typo_spacing":0,"ocean_menu_typo_spacing_tablet":0,"ocean_menu_typo_spacing_mobile":0,"ocean_menu_typo_spacing_unit":"","ocean_menu_link_color":"","ocean_menu_link_color_hover":"","ocean_menu_link_color_active":"","ocean_menu_link_background":"","ocean_menu_link_hover_background":"","ocean_menu_link_active_background":"","ocean_menu_social_links_bg":"","ocean_menu_social_hover_links_bg":"","ocean_menu_social_links_color":"","ocean_menu_social_hover_links_color":"","ocean_disable_title":"default","ocean_disable_heading":"default","ocean_post_title":"","ocean_post_subheading":"","ocean_post_title_style":"","ocean_post_title_background_color":"","ocean_post_title_background":0,"ocean_post_title_bg_image_position":"","ocean_post_title_bg_image_attachment":"","ocean_post_title_bg_image_repeat":"","ocean_post_title_bg_image_size":"","ocean_post_title_height":0,"ocean_post_title_bg_overlay":0.5,"ocean_post_title_bg_overlay_color":"","ocean_disable_breadcrumbs":"default","ocean_breadcrumbs_color":"","ocean_breadcrumbs_separator_color":"","ocean_breadcrumbs_links_color":"","ocean_breadcrumbs_links_hover_color":"","ocean_display_footer_widgets":"default","ocean_display_footer_bottom":"default","ocean_custom_footer_template":"0","footnotes":""},"class_list":["post-55","page","type-page","status-publish","hentry","entry"],"translation":{"provider":"WPGlobus","version":"3.0.2","language":"en","enabled_languages":["de","en"],"languages":{"de":{"title":true,"content":true,"excerpt":false},"en":{"title":true,"content":true,"excerpt":false}}},"yoast_head":"<!-- This site is optimized with the Yoast SEO plugin v27.3 - https:\/\/yoast.com\/product\/yoast-seo-wordpress\/ -->\n<title>Blog - MALO Apartments<\/title>\n<meta name=\"robots\" content=\"index, follow, max-snippet:-1, max-image-preview:large, max-video-preview:-1\" \/>\n<link rel=\"canonical\" href=\"https:\/\/malo-apartments.com\/blog\/\" \/>\n<meta property=\"og:locale\" content=\"en_US\" \/>\n<meta property=\"og:type\" content=\"article\" \/>\n<meta property=\"og:title\" content=\"Blog - MALO Apartments\" \/>\n<meta property=\"og:url\" content=\"https:\/\/malo-apartments.com\/blog\/\" \/>\n<meta property=\"og:site_name\" content=\"MALO Apartments\" \/>\n<meta property=\"article:publisher\" content=\"https:\/\/www.facebook.com\/MALOAPARTMENTS\" \/>\n<meta property=\"article:modified_time\" content=\"2020-05-02T11:46:29+00:00\" \/>\n<meta name=\"twitter:card\" content=\"summary_large_image\" \/>\n<script type=\"application\/ld+json\" class=\"yoast-schema-graph\">{\"@context\":\"https:\\\/\\\/schema.org\",\"@graph\":[{\"@type\":\"WebPage\",\"@id\":\"https:\\\/\\\/malo-apartments.com\\\/blog\\\/\",\"url\":\"https:\\\/\\\/malo-apartments.com\\\/blog\\\/\",\"name\":\"Blog - MALO Apartments\",\"isPartOf\":{\"@id\":\"https:\\\/\\\/malo-apartments.com\\\/#website\"},\"datePublished\":\"2020-02-11T17:31:05+00:00\",\"dateModified\":\"2020-05-02T11:46:29+00:00\",\"breadcrumb\":{\"@id\":\"https:\\\/\\\/malo-apartments.com\\\/blog\\\/#breadcrumb\"},\"inLanguage\":\"en-US\",\"potentialAction\":[{\"@type\":\"ReadAction\",\"target\":[\"https:\\\/\\\/malo-apartments.com\\\/blog\\\/\"]}]},{\"@type\":\"BreadcrumbList\",\"@id\":\"https:\\\/\\\/malo-apartments.com\\\/blog\\\/#breadcrumb\",\"itemListElement\":[{\"@type\":\"ListItem\",\"position\":1,\"name\":\"Startseite\",\"item\":\"https:\\\/\\\/malo-apartments.com\\\/\"},{\"@type\":\"ListItem\",\"position\":2,\"name\":\"Blog\"}]},{\"@type\":\"WebSite\",\"@id\":\"https:\\\/\\\/malo-apartments.com\\\/#website\",\"url\":\"https:\\\/\\\/malo-apartments.com\\\/\",\"name\":\"MALO Apartments\",\"description\":\"Exceptional domiciles in Privlaka and Zadar in the middle of Dalmatia\",\"publisher\":{\"@id\":\"https:\\\/\\\/malo-apartments.com\\\/#organization\"},\"potentialAction\":[{\"@type\":\"SearchAction\",\"target\":{\"@type\":\"EntryPoint\",\"urlTemplate\":\"https:\\\/\\\/malo-apartments.com\\\/?s={search_term_string}\"},\"query-input\":{\"@type\":\"PropertyValueSpecification\",\"valueRequired\":true,\"valueName\":\"search_term_string\"}}],\"inLanguage\":\"en-US\"},{\"@type\":\"Organization\",\"@id\":\"https:\\\/\\\/malo-apartments.com\\\/#organization\",\"name\":\"MALO d.o.o.\",\"url\":\"https:\\\/\\\/malo-apartments.com\\\/\",\"logo\":{\"@type\":\"ImageObject\",\"inLanguage\":\"en-US\",\"@id\":\"https:\\\/\\\/malo-apartments.com\\\/#\\\/schema\\\/logo\\\/image\\\/\",\"url\":\"https:\\\/\\\/malo-apartments.com\\\/wp-content\\\/uploads\\\/2021\\\/07\\\/Malo-logo.png\",\"contentUrl\":\"https:\\\/\\\/malo-apartments.com\\\/wp-content\\\/uploads\\\/2021\\\/07\\\/Malo-logo.png\",\"width\":501,\"height\":182,\"caption\":\"MALO d.o.o.\"},\"image\":{\"@id\":\"https:\\\/\\\/malo-apartments.com\\\/#\\\/schema\\\/logo\\\/image\\\/\"},\"sameAs\":[\"https:\\\/\\\/www.facebook.com\\\/MALOAPARTMENTS\",\"https:\\\/\\\/www.instagram.com\\\/maloapartments\\\/\",\"https:\\\/\\\/www.youtube.com\\\/channel\\\/UCpVP2S_aQfyllJTbeLaoyWg\"]}]}<\/script>\n<!-- \/ Yoast SEO plugin. -->","yoast_head_json":{"title":"Blog - MALO Apartments","robots":{"index":"index","follow":"follow","max-snippet":"max-snippet:-1","max-image-preview":"max-image-preview:large","max-video-preview":"max-video-preview:-1"},"canonical":"https:\/\/malo-apartments.com\/blog\/","og_locale":"en_US","og_type":"article","og_title":"Blog - MALO Apartments","og_url":"https:\/\/malo-apartments.com\/blog\/","og_site_name":"MALO Apartments","article_publisher":"https:\/\/www.facebook.com\/MALOAPARTMENTS","article_modified_time":"2020-05-02T11:46:29+00:00","twitter_card":"summary_large_image","schema":{"@context":"https:\/\/schema.org","@graph":[{"@type":"WebPage","@id":"https:\/\/malo-apartments.com\/blog\/","url":"https:\/\/malo-apartments.com\/blog\/","name":"Blog - MALO Apartments","isPartOf":{"@id":"https:\/\/malo-apartments.com\/#website"},"datePublished":"2020-02-11T17:31:05+00:00","dateModified":"2020-05-02T11:46:29+00:00","breadcrumb":{"@id":"https:\/\/malo-apartments.com\/blog\/#breadcrumb"},"inLanguage":"en-US","potentialAction":[{"@type":"ReadAction","target":["https:\/\/malo-apartments.com\/blog\/"]}]},{"@type":"BreadcrumbList","@id":"https:\/\/malo-apartments.com\/blog\/#breadcrumb","itemListElement":[{"@type":"ListItem","position":1,"name":"Startseite","item":"https:\/\/malo-apartments.com\/"},{"@type":"ListItem","position":2,"name":"Blog"}]},{"@type":"WebSite","@id":"https:\/\/malo-apartments.com\/#website","url":"https:\/\/malo-apartments.com\/","name":"MALO Apartments","description":"Exceptional domiciles in Privlaka and Zadar in the middle of Dalmatia","publisher":{"@id":"https:\/\/malo-apartments.com\/#organization"},"potentialAction":[{"@type":"SearchAction","target":{"@type":"EntryPoint","urlTemplate":"https:\/\/malo-apartments.com\/?s={search_term_string}"},"query-input":{"@type":"PropertyValueSpecification","valueRequired":true,"valueName":"search_term_string"}}],"inLanguage":"en-US"},{"@type":"Organization","@id":"https:\/\/malo-apartments.com\/#organization","name":"MALO d.o.o.","url":"https:\/\/malo-apartments.com\/","logo":{"@type":"ImageObject","inLanguage":"en-US","@id":"https:\/\/malo-apartments.com\/#\/schema\/logo\/image\/","url":"https:\/\/malo-apartments.com\/wp-content\/uploads\/2021\/07\/Malo-logo.png","contentUrl":"https:\/\/malo-apartments.com\/wp-content\/uploads\/2021\/07\/Malo-logo.png","width":501,"height":182,"caption":"MALO d.o.o."},"image":{"@id":"https:\/\/malo-apartments.com\/#\/schema\/logo\/image\/"},"sameAs":["https:\/\/www.facebook.com\/MALOAPARTMENTS","https:\/\/www.instagram.com\/maloapartments\/","https:\/\/www.youtube.com\/channel\/UCpVP2S_aQfyllJTbeLaoyWg"]}]}},"_links":{"self":[{"href":"https:\/\/malo-apartments.com\/en\/wp-json\/wp\/v2\/pages\/55","targetHints":{"allow":["GET"]}}],"collection":[{"href":"https:\/\/malo-apartments.com\/en\/wp-json\/wp\/v2\/pages"}],"about":[{"href":"https:\/\/malo-apartments.com\/en\/wp-json\/wp\/v2\/types\/page"}],"author":[{"embeddable":true,"href":"https:\/\/malo-apartments.com\/en\/wp-json\/wp\/v2\/users\/1"}],"replies":[{"embeddable":true,"href":"https:\/\/malo-apartments.com\/en\/wp-json\/wp\/v2\/comments?post=55"}],"version-history":[{"count":9,"href":"https:\/\/malo-apartments.com\/en\/wp-json\/wp\/v2\/pages\/55\/revisions"}],"predecessor-version":[{"id":656,"href":"https:\/\/malo-apartments.com\/en\/wp-json\/wp\/v2\/pages\/55\/revisions\/656"}],"wp:attachment":[{"href":"https:\/\/malo-apartments.com\/en\/wp-json\/wp\/v2\/media?parent=55"}],"curies":[{"name":"wp","href":"https:\/\/api.w.org\/{rel}","templated":true}]}}